{"id":1070,"date":"2025-12-31T17:31:42","date_gmt":"2025-12-31T17:31:42","guid":{"rendered":"https:\/\/attente.sn\/?page_id=1070"},"modified":"2026-01-25T09:25:39","modified_gmt":"2026-01-25T09:25:39","slug":"conditions-client","status":"publish","type":"page","link":"https:\/\/attente.sn\/index.php\/conditions-client\/","title":{"rendered":"Conditions client"},"content":{"rendered":"\t\t<div data-elementor-type=\"wp-page\" data-elementor-id=\"1070\" class=\"elementor elementor-1070\" data-elementor-post-type=\"page\">\n\t\t\t\t<div class=\"elementor-element elementor-element-58cdc3b e-flex e-con-boxed tcg-animation-none e-con e-parent\" data-id=\"58cdc3b\" data-element_type=\"container\" data-settings=\"{&quot;tc_container_hover_selector&quot;:&quot;container&quot;,&quot;tc_container_background_parallax&quot;:&quot;no&quot;,&quot;tc_smooth_scroll_effects&quot;:&quot;none&quot;,&quot;tc_css_effects&quot;:&quot;none&quot;,&quot;tc_container_clip_path&quot;:&quot;none&quot;,&quot;tcg_advanced_hover&quot;:&quot;no&quot;,&quot;float_cursor&quot;:&quot;no&quot;,&quot;tc_dark_mode_responsive_hide_in_dark&quot;:&quot;no&quot;,&quot;tc_dark_mode_responsive_hide_in_light&quot;:&quot;no&quot;}\">\n\t\t\t\t\t<div class=\"e-con-inner\">\n\t\t\t\t<div class=\"elementor-element elementor-element-323dc3e tcg-animation-none elementor-widget elementor-widget-heading\" data-id=\"323dc3e\" data-element_type=\"widget\" data-settings=\"{&quot;tc_smooth_scroll_effects&quot;:&quot;none&quot;,&quot;tc_css_effects&quot;:&quot;none&quot;,&quot;tc_dark_mode_responsive_hide_in_dark&quot;:&quot;no&quot;,&quot;tc_dark_mode_responsive_hide_in_light&quot;:&quot;no&quot;}\" data-widget_type=\"heading.default\">\n\t\t\t\t\t<h2 class=\"elementor-heading-title elementor-size-default\">Conditions d\u2019acceptation du client \u2013 AttenteExpress<\/h2>\t\t\t\t<\/div>\n\t\t\t\t<div class=\"elementor-element elementor-element-730e9f4 elementor-widget-divider--view-line tcg-animation-none elementor-widget elementor-widget-divider\" data-id=\"730e9f4\" data-element_type=\"widget\" data-settings=\"{&quot;tc_smooth_scroll_effects&quot;:&quot;none&quot;,&quot;tc_css_effects&quot;:&quot;none&quot;,&quot;tc_dark_mode_responsive_hide_in_dark&quot;:&quot;no&quot;,&quot;tc_dark_mode_responsive_hide_in_light&quot;:&quot;no&quot;}\" data-widget_type=\"divider.default\">\n\t\t\t\t\t\t\t<div class=\"elementor-divider\">\n\t\t\t<span class=\"elementor-divider-separator\">\n\t\t\t\t\t\t<\/span>\n\t\t<\/div>\n\t\t\t\t\t\t<\/div>\n\t\t\t\t<div class=\"elementor-element elementor-element-8178c8b tcg-animation-none elementor-widget elementor-widget-text-editor\" data-id=\"8178c8b\" data-element_type=\"widget\" data-settings=\"{&quot;tc_smooth_scroll_effects&quot;:&quot;none&quot;,&quot;tc_css_effects&quot;:&quot;none&quot;,&quot;tc_dark_mode_responsive_hide_in_dark&quot;:&quot;no&quot;,&quot;tc_dark_mode_responsive_hide_in_light&quot;:&quot;no&quot;}\" data-widget_type=\"text-editor.default\">\n\t\t\t\t\t\t\t\t\t<p>En validant ma commande et en proc\u00e9dant au paiement,<br \/><strong>je reconnais avoir lu et accept\u00e9 les conditions suivantes<\/strong> :<\/p><ol><li>J\u2019autorise <strong>AttenteExpress<\/strong> \u00e0 affecter un <strong>Line-Sitter<\/strong> (prestataire ind\u00e9pendant) pour effectuer l\u2019attente \u00e0 ma place, selon les informations que j\u2019ai fournies (lieu, heure, dur\u00e9e, objet de la mission).<\/li><li>Je comprends que <strong>le Line-Sitter agit pour mon compte<\/strong>, et qu\u2019AttenteExpress assure uniquement la <strong>mise en relation, le suivi et la s\u00e9curit\u00e9 du paiement<\/strong>.<\/li><li>Le paiement effectu\u00e9 est <strong>s\u00e9curis\u00e9 et g\u00e9r\u00e9 par AttenteExpress<\/strong>. Il couvre :<ul><li>la r\u00e9mun\u00e9ration du Line-Sitter,<\/li><li>les frais de service et de gestion de la plateforme. En cas d\u2019annulation de ma part<\/li><li>Si l\u2019annulation intervient <strong>plus de 2 heures avant le d\u00e9but de la mission<\/strong>, je serai rembours\u00e9 \u00e0 <strong>80 % du montant pay\u00e9<\/strong>.<\/li><li>Si l\u2019annulation intervient <strong>moins de 2 heures avant la mission<\/strong>, aucun remboursement ne sera possible.<\/li><\/ul><\/li><li>Je m\u2019engage \u00e0 fournir des informations exactes et \u00e0 \u00eatre pr\u00e9sent(e) sur le lieu indiqu\u00e9 \u00e0 l\u2019heure pr\u00e9vue (ou \u00e0 pr\u00e9venir le service client d\u2019AttenteExpress en cas de changement).<\/li><li>J\u2019accepte que <strong>l\u2019\u00e9valuation du Line-Sitter<\/strong> et le <strong>compte rendu de mission<\/strong>\u00a0soient enregistr\u00e9s par AttenteExpress \u00e0 des fins de suivi qualit\u00e9.<\/li><li>En cas de litige, une <strong>tentative de r\u00e9solution amiable<\/strong>\u00a0sera d\u2019abord propos\u00e9e via le support AttenteExpress.<\/li><li>En validant le paiement, <strong>je conclus un contrat de prestation<\/strong>\u00a0avec AttenteExpress, conform\u00e9ment au droit s\u00e9n\u00e9galais.<\/li><\/ol>\t\t\t\t\t\t\t\t<\/div>\n\t\t\t\t<div class=\"elementor-element elementor-element-87187e1 tcg-animation-none elementor-widget elementor-widget-spacer\" data-id=\"87187e1\" data-element_type=\"widget\" data-settings=\"{&quot;tc_smooth_scroll_effects&quot;:&quot;none&quot;,&quot;tc_css_effects&quot;:&quot;none&quot;,&quot;tc_dark_mode_responsive_hide_in_dark&quot;:&quot;no&quot;,&quot;tc_dark_mode_responsive_hide_in_light&quot;:&quot;no&quot;}\" data-widget_type=\"spacer.default\">\n\t\t\t\t\t\t\t<div class=\"elementor-spacer\">\n\t\t\t<div class=\"elementor-spacer-inner\"><\/div>\n\t\t<\/div>\n\t\t\t\t\t\t<\/div>\n\t\t\t\t\t<\/div>\n\t\t\t\t<\/div>\n\t\t\t\t<\/div>\n\t\t","protected":false},"excerpt":{"rendered":"<p>Conditions d\u2019acceptation du client \u2013 AttenteExpress En validant ma commande et en proc\u00e9dant au paiement,je reconnais avoir lu et accept\u00e9 les conditions suivantes : J\u2019autorise AttenteExpress \u00e0 affecter un Line-Sitter (prestataire ind\u00e9pendant) pour effectuer l\u2019attente \u00e0 ma place, selon les informations que j\u2019ai fournies (lieu, heure, dur\u00e9e, objet de la mission). Je comprends que le Line-Sitter agit pour mon compte, &hellip;<\/p>\n","protected":false},"author":1,"featured_media":0,"parent":0,"menu_order":0,"comment_status":"closed","ping_status":"closed","template":"","meta":{"content-type":"","footnotes":""},"class_list":["post-1070","page","type-page","status-publish","hentry"],"_links":{"self":[{"href":"https:\/\/attente.sn\/index.php\/wp-json\/wp\/v2\/pages\/1070","targetHints":{"allow":["GET"]}}],"collection":[{"href":"https:\/\/attente.sn\/index.php\/wp-json\/wp\/v2\/pages"}],"about":[{"href":"https:\/\/attente.sn\/index.php\/wp-json\/wp\/v2\/types\/page"}],"author":[{"embeddable":true,"href":"https:\/\/attente.sn\/index.php\/wp-json\/wp\/v2\/users\/1"}],"replies":[{"embeddable":true,"href":"https:\/\/attente.sn\/index.php\/wp-json\/wp\/v2\/comments?post=1070"}],"version-history":[{"count":26,"href":"https:\/\/attente.sn\/index.php\/wp-json\/wp\/v2\/pages\/1070\/revisions"}],"predecessor-version":[{"id":1209,"href":"https:\/\/attente.sn\/index.php\/wp-json\/wp\/v2\/pages\/1070\/revisions\/1209"}],"wp:attachment":[{"href":"https:\/\/attente.sn\/index.php\/wp-json\/wp\/v2\/media?parent=1070"}],"curies":[{"name":"wp","href":"https:\/\/api.w.org\/{rel}","templated":true}]}}